{"id":209,"date":"2021-04-13T17:41:55","date_gmt":"2021-04-13T15:41:55","guid":{"rendered":"https:\/\/www.fraichisme.fr\/?page_id=209"},"modified":"2021-04-22T14:07:04","modified_gmt":"2021-04-22T12:07:04","slug":"presentation-de-fred","status":"publish","type":"page","link":"https:\/\/www.fraichisme.fr\/?page_id=209","title":{"rendered":"Pr\u00e9sentation de Fred"},"content":{"rendered":"\n<div class=\"wp-block-columns is-layout-flex wp-container-core-columns-is-layout-28f84493 wp-block-columns-is-layout-flex\">\n<div class=\"wp-block-column is-layout-flow wp-block-column-is-layout-flow\" style=\"flex-basis:50%\">\n<p class=\"has-text-align-left justification_texte\">Fred Bonnin a longtemps \u00e9t\u00e9 fra\u00eechiste sans le savoir\u2026 <br>Depuis qu&rsquo;il sait, il comprend mieux ses aspirations contradictoires : faire de la peinture fra\u00eeche sans \u00eatre glacial pour autant.<br> Comme il est fra\u00eechiste, il ne peint que lorsque l&rsquo;envie lui en prend, et son inspiration s&rsquo;alimente aux sources les plus diverses, avec une pr\u00e9dilection pour les bons vins, la bonne musique, et les conversations entre potes.<br> Inqui\u00e9tante \u00e9tranget\u00e9 du fra\u00eechisme\u2026<br> L&rsquo;\u0153uvrier ne vieillit pas, et ses \u0153uvres sont intemporelles. Le pinceau est acerbe, le trait \u00e9nergique, la toile semble sabr\u00e9e d&rsquo;une violence contr\u00f4l\u00e9e ; chez Fred Bonnin, la tristesse n&rsquo;est jamais d\u00e9sesp\u00e9r\u00e9e, et le cri lucide de personnages en mal de vie n&rsquo;est pas renoncement, mais force et courage.<br> D\u00e9rangeant, oui, mais jamais d\u00e9courageant, m\u00eame s&rsquo;il est parfois d\u00e9courag\u00e9, Fred Bonnin semble nous dire que tout est encore possible, pour peu qu&rsquo;on ait du temps et de l&rsquo;espace pour faire ce qu&rsquo;on aime.<\/p>\n<\/div>\n\n\n\n<div class=\"wp-block-column is-layout-flow wp-block-column-is-layout-flow\" style=\"flex-basis:50%\">\n<div class=\"wp-block-group\"><div class=\"wp-block-group__inner-container is-layout-flow wp-block-group-is-layout-flow\">\n<figure class=\"wp-block-image alignfull size-large\"><img loading=\"lazy\" decoding=\"async\" width=\"774\" height=\"1024\" src=\"https:\/\/www.fraichisme.fr\/wp-content\/uploads\/2021\/04\/HUMAIN-8.jpg\" alt=\"\" class=\"wp-image-212\" srcset=\"https:\/\/www.fraichisme.fr\/wp-content\/uploads\/2021\/04\/HUMAIN-8.jpg 774w, https:\/\/www.fraichisme.fr\/wp-content\/uploads\/2021\/04\/HUMAIN-8-227x300.jpg 227w, https:\/\/www.fraichisme.fr\/wp-content\/uploads\/2021\/04\/HUMAIN-8-768x1016.jpg 768w\" sizes=\"auto, (max-width: 774px) 100vw, 774px\" \/><\/figure>\n<\/div><\/div>\n<\/div>\n<\/div>\n\n\n\n<p><\/p>\n","protected":false},"excerpt":{"rendered":"<p>Fred Bonnin a longtemps \u00e9t\u00e9 fra\u00eechiste sans le savoir\u2026 Depuis qu&rsquo;il sait, il comprend mieux ses aspirations contradictoires : faire de la peinture fra\u00eeche sans \u00eatre glacial pour autant. Comme il est fra\u00eechiste, il ne peint que lorsque l&rsquo;envie lui en prend, et son inspiration s&rsquo;alimente aux sources les plus diverses, avec une pr\u00e9dilection pour [&hellip;]<\/p>\n","protected":false},"author":1,"featured_media":0,"parent":0,"menu_order":0,"comment_status":"closed","ping_status":"closed","template":"","meta":{"ub_ctt_via":"","_uag_custom_page_level_css":"","site-sidebar-layout":"default","site-content-layout":"default","ast-site-content-layout":"","site-content-style":"default","site-sidebar-style":"default","ast-global-header-display":"","ast-banner-title-visibility":"","ast-main-header-display":"","ast-hfb-above-header-display":"","ast-hfb-below-header-display":"","ast-hfb-mobile-header-display":"","site-post-title":"","ast-breadcrumbs-content":"","ast-featured-img":"","footer-sml-layout":"","theme-transparent-header-meta":"default","adv-header-id-meta":"","stick-header-meta":"","header-above-stick-meta":"","header-main-stick-meta":"","header-below-stick-meta":"","astra-migrate-meta-layouts":"default","ast-page-background-enabled":"default","ast-page-background-meta":{"desktop":{"background-color":"","background-image":"","background-repeat":"repeat","background-position":"center center","background-size":"auto","background-attachment":"scroll","background-type":"","background-media":"","overlay-type":"","overlay-color":"","overlay-gradient":""},"tablet":{"background-color":"","background-image":"","background-repeat":"repeat","background-position":"center center","background-size":"auto","background-attachment":"scroll","background-type":"","background-media":"","overlay-type":"","overlay-color":"","overlay-gradient":""},"mobile":{"background-color":"","background-image":"","background-repeat":"repeat","background-position":"center center","background-size":"auto","background-attachment":"scroll","background-type":"","background-media":"","overlay-type":"","overlay-color":"","overlay-gradient":""}},"ast-content-background-meta":{"desktop":{"background-color":"var(--ast-global-color-5)","background-image":"","background-repeat":"repeat","background-position":"center center","background-size":"auto","background-attachment":"scroll","background-type":"","background-media":"","overlay-type":"","overlay-color":"","overlay-gradient":""},"tablet":{"background-color":"var(--ast-global-color-5)","background-image":"","background-repeat":"repeat","background-position":"center center","background-size":"auto","background-attachment":"scroll","background-type":"","background-media":"","overlay-type":"","overlay-color":"","overlay-gradient":""},"mobile":{"background-color":"var(--ast-global-color-5)","background-image":"","background-repeat":"repeat","background-position":"center center","background-size":"auto","background-attachment":"scroll","background-type":"","background-media":"","overlay-type":"","overlay-color":"","overlay-gradient":""}},"footnotes":""},"class_list":["post-209","page","type-page","status-publish","hentry"],"featured_image_src":null,"uagb_featured_image_src":{"full":false,"thumbnail":false,"medium":false,"medium_large":false,"large":false,"1536x1536":false,"2048x2048":false},"uagb_author_info":{"display_name":"admin","author_link":"https:\/\/www.fraichisme.fr\/?author=1"},"uagb_comment_info":0,"uagb_excerpt":"Fred Bonnin a longtemps \u00e9t\u00e9 fra\u00eechiste sans le savoir\u2026 Depuis qu&rsquo;il sait, il comprend mieux ses aspirations contradictoires : faire de la peinture fra\u00eeche sans \u00eatre glacial pour autant. Comme il est fra\u00eechiste, il ne peint que lorsque l&rsquo;envie lui en prend, et son inspiration s&rsquo;alimente aux sources les plus diverses, avec une pr\u00e9dilection pour\u2026","_links":{"self":[{"href":"https:\/\/www.fraichisme.fr\/index.php?rest_route=\/wp\/v2\/pages\/209","targetHints":{"allow":["GET"]}}],"collection":[{"href":"https:\/\/www.fraichisme.fr\/index.php?rest_route=\/wp\/v2\/pages"}],"about":[{"href":"https:\/\/www.fraichisme.fr\/index.php?rest_route=\/wp\/v2\/types\/page"}],"author":[{"embeddable":true,"href":"https:\/\/www.fraichisme.fr\/index.php?rest_route=\/wp\/v2\/users\/1"}],"replies":[{"embeddable":true,"href":"https:\/\/www.fraichisme.fr\/index.php?rest_route=%2Fwp%2Fv2%2Fcomments&post=209"}],"version-history":[{"count":6,"href":"https:\/\/www.fraichisme.fr\/index.php?rest_route=\/wp\/v2\/pages\/209\/revisions"}],"predecessor-version":[{"id":687,"href":"https:\/\/www.fraichisme.fr\/index.php?rest_route=\/wp\/v2\/pages\/209\/revisions\/687"}],"wp:attachment":[{"href":"https:\/\/www.fraichisme.fr\/index.php?rest_route=%2Fwp%2Fv2%2Fmedia&parent=209"}],"curies":[{"name":"wp","href":"https:\/\/api.w.org\/{rel}","templated":true}]}}