{"id":23,"date":"2021-04-07T13:51:13","date_gmt":"2021-04-07T11:51:13","guid":{"rendered":"https:\/\/www.fraichisme.fr\/?page_id=23"},"modified":"2021-04-22T14:58:55","modified_gmt":"2021-04-22T12:58:55","slug":"presentation-de-yug","status":"publish","type":"page","link":"https:\/\/www.fraichisme.fr\/?page_id=23","title":{"rendered":"Pr\u00e9sentation de Yug"},"content":{"rendered":"\n<div class=\"wp-block-media-text alignwide has-media-on-the-right is-stacked-on-mobile is-image-fill\" style=\"grid-template-columns:auto 43%\"><figure class=\"wp-block-media-text__media\" style=\"background-image:url(https:\/\/www.fraichisme.fr\/wp-content\/uploads\/2021\/04\/hammett-e1619093581989.jpg);background-position:100% 46%\"><img loading=\"lazy\" decoding=\"async\" width=\"462\" height=\"484\" src=\"https:\/\/www.fraichisme.fr\/wp-content\/uploads\/2021\/04\/hammett-e1619093581989.jpg\" alt=\"\" class=\"wp-image-66 size-full\" srcset=\"https:\/\/www.fraichisme.fr\/wp-content\/uploads\/2021\/04\/hammett-e1619093581989.jpg 462w, https:\/\/www.fraichisme.fr\/wp-content\/uploads\/2021\/04\/hammett-e1619093581989-334x350.jpg 334w\" sizes=\"auto, (max-width: 462px) 100vw, 462px\" \/><\/figure><div class=\"wp-block-media-text__content\">\n<p class=\"justification_texte has-vivid-red-color has-light-green-cyan-background-color has-text-color has-background\" style=\"font-size:15px\"><span class=\"has-inline-color has-black-color\">Guy Bonet, alias Yug, est n\u00e9 en 1961 dans les Pyr\u00e9n\u00e9es Orientales.<br>Il s&rsquo;est install\u00e9 en Normandie, par les hasards de l&rsquo;\u00c9ducation Nationale, et maintenant retrait\u00e9, il vit une partie de l&rsquo;ann\u00e9e en Espagne.<br>Son temps libre est consacr\u00e9 \u00e0 la peinture, dans laquelle il s&rsquo;est plong\u00e9 avec d\u00e9lices depuis une trentaine d&rsquo;ann\u00e9es, \u00e0 la guitare, \u00e0 la lecture, mais aussi \u00e0 un passe temps qu&rsquo;il aime beaucoup : ne rien faire.<br> Autodidacte en peinture, et soucieux de le rester, il cr\u00e9e un mouvement fra\u00eechiste, qui nous apporte ses sensations, sans tentative de rationalisation.<br> Le fra\u00eechisme peut se d\u00e9finir en quelques mots : il s&rsquo;agit d&rsquo;une peinture de sensation et non de convention, loin de toute technique impos\u00e9e, de tout acad\u00e9misme et de toute routine, qui permet \u00e0 chacun de s&rsquo;exprimer, et qui livre au spectateur la sensation toute fra\u00eeche de l&rsquo;artiste (\u00e0 ce mot un peu p\u00e9joratif, ou du moins galvaud\u00e9, nous pr\u00e9f\u00e9rerons le terme de : \u0153uvrier.)<\/span><\/p>\n<\/div><\/div>\n\n\n\n<p><\/p>\n","protected":false},"excerpt":{"rendered":"<p>Guy Bonet, alias Yug, est n\u00e9 en 1961 dans les Pyr\u00e9n\u00e9es Orientales.Il s&rsquo;est install\u00e9 en Normandie, par les hasards de l&rsquo;\u00c9ducation Nationale, et maintenant retrait\u00e9, il vit une partie de l&rsquo;ann\u00e9e en Espagne.Son temps libre est consacr\u00e9 \u00e0 la peinture, dans laquelle il s&rsquo;est plong\u00e9 avec d\u00e9lices depuis une trentaine d&rsquo;ann\u00e9es, \u00e0 la guitare, \u00e0 [&hellip;]<\/p>\n","protected":false},"author":1,"featured_media":0,"parent":0,"menu_order":0,"comment_status":"closed","ping_status":"closed","template":"","meta":{"ub_ctt_via":"","_uag_custom_page_level_css":"","site-sidebar-layout":"default","site-content-layout":"default","ast-site-content-layout":"","site-content-style":"default","site-sidebar-style":"default","ast-global-header-display":"","ast-banner-title-visibility":"","ast-main-header-display":"","ast-hfb-above-header-display":"","ast-hfb-below-header-display":"","ast-hfb-mobile-header-display":"","site-post-title":"","ast-breadcrumbs-content":"","ast-featured-img":"","footer-sml-layout":"","theme-transparent-header-meta":"default","adv-header-id-meta":"","stick-header-meta":"","header-above-stick-meta":"","header-main-stick-meta":"","header-below-stick-meta":"","astra-migrate-meta-layouts":"default","ast-page-background-enabled":"default","ast-page-background-meta":{"desktop":{"background-color":"","background-image":"","background-repeat":"repeat","background-position":"center center","background-size":"auto","background-attachment":"scroll","background-type":"","background-media":"","overlay-type":"","overlay-color":"","overlay-gradient":""},"tablet":{"background-color":"","background-image":"","background-repeat":"repeat","background-position":"center center","background-size":"auto","background-attachment":"scroll","background-type":"","background-media":"","overlay-type":"","overlay-color":"","overlay-gradient":""},"mobile":{"background-color":"","background-image":"","background-repeat":"repeat","background-position":"center center","background-size":"auto","background-attachment":"scroll","background-type":"","background-media":"","overlay-type":"","overlay-color":"","overlay-gradient":""}},"ast-content-background-meta":{"desktop":{"background-color":"var(--ast-global-color-5)","background-image":"","background-repeat":"repeat","background-position":"center center","background-size":"auto","background-attachment":"scroll","background-type":"","background-media":"","overlay-type":"","overlay-color":"","overlay-gradient":""},"tablet":{"background-color":"var(--ast-global-color-5)","background-image":"","background-repeat":"repeat","background-position":"center center","background-size":"auto","background-attachment":"scroll","background-type":"","background-media":"","overlay-type":"","overlay-color":"","overlay-gradient":""},"mobile":{"background-color":"var(--ast-global-color-5)","background-image":"","background-repeat":"repeat","background-position":"center center","background-size":"auto","background-attachment":"scroll","background-type":"","background-media":"","overlay-type":"","overlay-color":"","overlay-gradient":""}},"footnotes":""},"class_list":["post-23","page","type-page","status-publish","hentry"],"featured_image_src":null,"uagb_featured_image_src":{"full":false,"thumbnail":false,"medium":false,"medium_large":false,"large":false,"1536x1536":false,"2048x2048":false},"uagb_author_info":{"display_name":"admin","author_link":"https:\/\/www.fraichisme.fr\/?author=1"},"uagb_comment_info":0,"uagb_excerpt":"Guy Bonet, alias Yug, est n\u00e9 en 1961 dans les Pyr\u00e9n\u00e9es Orientales.Il s&rsquo;est install\u00e9 en Normandie, par les hasards de l&rsquo;\u00c9ducation Nationale, et maintenant retrait\u00e9, il vit une partie de l&rsquo;ann\u00e9e en Espagne.Son temps libre est consacr\u00e9 \u00e0 la peinture, dans laquelle il s&rsquo;est plong\u00e9 avec d\u00e9lices depuis une trentaine d&rsquo;ann\u00e9es, \u00e0 la guitare, \u00e0\u2026","_links":{"self":[{"href":"https:\/\/www.fraichisme.fr\/index.php?rest_route=\/wp\/v2\/pages\/23","targetHints":{"allow":["GET"]}}],"collection":[{"href":"https:\/\/www.fraichisme.fr\/index.php?rest_route=\/wp\/v2\/pages"}],"about":[{"href":"https:\/\/www.fraichisme.fr\/index.php?rest_route=\/wp\/v2\/types\/page"}],"author":[{"embeddable":true,"href":"https:\/\/www.fraichisme.fr\/index.php?rest_route=\/wp\/v2\/users\/1"}],"replies":[{"embeddable":true,"href":"https:\/\/www.fraichisme.fr\/index.php?rest_route=%2Fwp%2Fv2%2Fcomments&post=23"}],"version-history":[{"count":20,"href":"https:\/\/www.fraichisme.fr\/index.php?rest_route=\/wp\/v2\/pages\/23\/revisions"}],"predecessor-version":[{"id":698,"href":"https:\/\/www.fraichisme.fr\/index.php?rest_route=\/wp\/v2\/pages\/23\/revisions\/698"}],"wp:attachment":[{"href":"https:\/\/www.fraichisme.fr\/index.php?rest_route=%2Fwp%2Fv2%2Fmedia&parent=23"}],"curies":[{"name":"wp","href":"https:\/\/api.w.org\/{rel}","templated":true}]}}