{"id":232,"date":"2021-04-13T18:17:43","date_gmt":"2021-04-13T16:17:43","guid":{"rendered":"https:\/\/www.fraichisme.fr\/?page_id=232"},"modified":"2021-04-17T18:27:58","modified_gmt":"2021-04-17T16:27:58","slug":"presentation-de-brigitte","status":"publish","type":"page","link":"https:\/\/www.fraichisme.fr\/?page_id=232","title":{"rendered":"Pr\u00e9sentation de Brigitte"},"content":{"rendered":"\n<div class=\"wp-block-columns is-layout-flex wp-container-core-columns-is-layout-28f84493 wp-block-columns-is-layout-flex\">\n<div class=\"wp-block-column is-layout-flow wp-block-column-is-layout-flow\">\n<p class=\"justification_texte\">Le fra\u00eechisme prend une autre dimension avec la venue de Brigitte. Avec l&rsquo;arriv\u00e9e de cette talentueuse oeuvri\u00e8re, le fra\u00eechisme devient un mouvement international. Brigitte nous apporte un brin d&rsquo;Allemagne, le pays qui la vit na\u00eetre, mais aussi et surtout la chaleur de l&rsquo;Espagne, ce qui n&#8217;emp\u00eache pas sa peinture de rester fra\u00eeche. Le fra\u00eechisme est maintenant, \u00e0 n&rsquo;en pas douter, parti pour devenir un mouvement mondial, voire interplan\u00e9taire puisque Brigitte se d\u00e9finit souvent comme une extraterrestre. Mais voyons un peu qui est Brigitte ; voil\u00e0 la fa\u00e7on dont elle se pr\u00e9sente :<br>\u00ab\u00a0Una espa\u00f1ola loca&#8230;&#8230;nacida en Alemania&#8230;..dibujo por pasion&#8230;desde ni\u00f1a&#8230;.sin escuela..pero con ganas&#8230;.me encanta el carboncillo&#8230;.y las fotos antiguas&#8230;sobretodo retrato&#8230;&#8230;pero tambien me fascina el color.\u00a0\u00bb<br>Une petite traduction pour les non initi\u00e9s \u00e0 la langue de Cervantes :<br>\u00ab\u00a0Une espagnole folle&#8230;n\u00e9e en Allemagne&#8230;Je dessine par passion&#8230; depuis toute petite&#8230;sans \u00e9cole&#8230;mais avec plaisir&#8230;le fusain me ravit&#8230;et les vieilles photos&#8230;surtout le portrait&#8230;mais la couleur me fascine aussi\u00a0\u00bb.<br>Mais assez de blabla, regardons plut\u00f4t ses dessins et ses peintures.<\/p>\n<\/div>\n\n\n\n<div class=\"wp-block-column is-layout-flow wp-block-column-is-layout-flow\">\n<div class=\"wp-block-group\"><div class=\"wp-block-group__inner-container is-layout-flow wp-block-group-is-layout-flow\">\n<figure class=\"wp-block-image\"><img loading=\"lazy\" decoding=\"async\" width=\"730\" height=\"858\" src=\"https:\/\/www.fraichisme.fr\/wp-content\/uploads\/2021\/04\/rideau_o-2.jpeg\" alt=\"\" class=\"wp-image-244\" srcset=\"https:\/\/www.fraichisme.fr\/wp-content\/uploads\/2021\/04\/rideau_o-2.jpeg 730w, https:\/\/www.fraichisme.fr\/wp-content\/uploads\/2021\/04\/rideau_o-2-298x350.jpeg 298w\" sizes=\"auto, (max-width: 730px) 100vw, 730px\" \/><\/figure>\n<\/div><\/div>\n<\/div>\n<\/div>\n","protected":false},"excerpt":{"rendered":"<p>Le fra\u00eechisme prend une autre dimension avec la venue de Brigitte. Avec l&rsquo;arriv\u00e9e de cette talentueuse oeuvri\u00e8re, le fra\u00eechisme devient un mouvement international. Brigitte nous apporte un brin d&rsquo;Allemagne, le pays qui la vit na\u00eetre, mais aussi et surtout la chaleur de l&rsquo;Espagne, ce qui n&#8217;emp\u00eache pas sa peinture de rester fra\u00eeche. Le fra\u00eechisme est [&hellip;]<\/p>\n","protected":false},"author":1,"featured_media":0,"parent":0,"menu_order":0,"comment_status":"closed","ping_status":"closed","template":"","meta":{"ub_ctt_via":"","_uag_custom_page_level_css":"","site-sidebar-layout":"default","site-content-layout":"default","ast-site-content-layout":"","site-content-style":"default","site-sidebar-style":"default","ast-global-header-display":"","ast-banner-title-visibility":"","ast-main-header-display":"","ast-hfb-above-header-display":"","ast-hfb-below-header-display":"","ast-hfb-mobile-header-display":"","site-post-title":"","ast-breadcrumbs-content":"","ast-featured-img":"","footer-sml-layout":"","theme-transparent-header-meta":"default","adv-header-id-meta":"","stick-header-meta":"","header-above-stick-meta":"","header-main-stick-meta":"","header-below-stick-meta":"","astra-migrate-meta-layouts":"default","ast-page-background-enabled":"default","ast-page-background-meta":{"desktop":{"background-color":"","background-image":"","background-repeat":"repeat","background-position":"center center","background-size":"auto","background-attachment":"scroll","background-type":"","background-media":"","overlay-type":"","overlay-color":"","overlay-gradient":""},"tablet":{"background-color":"","background-image":"","background-repeat":"repeat","background-position":"center center","background-size":"auto","background-attachment":"scroll","background-type":"","background-media":"","overlay-type":"","overlay-color":"","overlay-gradient":""},"mobile":{"background-color":"","background-image":"","background-repeat":"repeat","background-position":"center center","background-size":"auto","background-attachment":"scroll","background-type":"","background-media":"","overlay-type":"","overlay-color":"","overlay-gradient":""}},"ast-content-background-meta":{"desktop":{"background-color":"var(--ast-global-color-5)","background-image":"","background-repeat":"repeat","background-position":"center center","background-size":"auto","background-attachment":"scroll","background-type":"","background-media":"","overlay-type":"","overlay-color":"","overlay-gradient":""},"tablet":{"background-color":"var(--ast-global-color-5)","background-image":"","background-repeat":"repeat","background-position":"center center","background-size":"auto","background-attachment":"scroll","background-type":"","background-media":"","overlay-type":"","overlay-color":"","overlay-gradient":""},"mobile":{"background-color":"var(--ast-global-color-5)","background-image":"","background-repeat":"repeat","background-position":"center center","background-size":"auto","background-attachment":"scroll","background-type":"","background-media":"","overlay-type":"","overlay-color":"","overlay-gradient":""}},"footnotes":""},"class_list":["post-232","page","type-page","status-publish","hentry"],"featured_image_src":null,"uagb_featured_image_src":{"full":false,"thumbnail":false,"medium":false,"medium_large":false,"large":false,"1536x1536":false,"2048x2048":false},"uagb_author_info":{"display_name":"admin","author_link":"https:\/\/www.fraichisme.fr\/?author=1"},"uagb_comment_info":0,"uagb_excerpt":"Le fra\u00eechisme prend une autre dimension avec la venue de Brigitte. Avec l&rsquo;arriv\u00e9e de cette talentueuse oeuvri\u00e8re, le fra\u00eechisme devient un mouvement international. Brigitte nous apporte un brin d&rsquo;Allemagne, le pays qui la vit na\u00eetre, mais aussi et surtout la chaleur de l&rsquo;Espagne, ce qui n&#8217;emp\u00eache pas sa peinture de rester fra\u00eeche. Le fra\u00eechisme est\u2026","_links":{"self":[{"href":"https:\/\/www.fraichisme.fr\/index.php?rest_route=\/wp\/v2\/pages\/232","targetHints":{"allow":["GET"]}}],"collection":[{"href":"https:\/\/www.fraichisme.fr\/index.php?rest_route=\/wp\/v2\/pages"}],"about":[{"href":"https:\/\/www.fraichisme.fr\/index.php?rest_route=\/wp\/v2\/types\/page"}],"author":[{"embeddable":true,"href":"https:\/\/www.fraichisme.fr\/index.php?rest_route=\/wp\/v2\/users\/1"}],"replies":[{"embeddable":true,"href":"https:\/\/www.fraichisme.fr\/index.php?rest_route=%2Fwp%2Fv2%2Fcomments&post=232"}],"version-history":[{"count":7,"href":"https:\/\/www.fraichisme.fr\/index.php?rest_route=\/wp\/v2\/pages\/232\/revisions"}],"predecessor-version":[{"id":636,"href":"https:\/\/www.fraichisme.fr\/index.php?rest_route=\/wp\/v2\/pages\/232\/revisions\/636"}],"wp:attachment":[{"href":"https:\/\/www.fraichisme.fr\/index.php?rest_route=%2Fwp%2Fv2%2Fmedia&parent=232"}],"curies":[{"name":"wp","href":"https:\/\/api.w.org\/{rel}","templated":true}]}}