{"id":250,"date":"2021-04-13T19:10:11","date_gmt":"2021-04-13T17:10:11","guid":{"rendered":"https:\/\/www.fraichisme.fr\/?page_id=250"},"modified":"2021-04-17T17:35:26","modified_gmt":"2021-04-17T15:35:26","slug":"presentation-du-duc-de-mosles","status":"publish","type":"page","link":"https:\/\/www.fraichisme.fr\/?page_id=250","title":{"rendered":"Pr\u00e9sentation du Duc de Mosles"},"content":{"rendered":"\n<div class=\"wp-block-columns is-layout-flex wp-container-core-columns-is-layout-28f84493 wp-block-columns-is-layout-flex\">\n<div class=\"wp-block-column is-layout-flow wp-block-column-is-layout-flow\">\n<p class=\"has-text-align-left justification_texte has-black-color has-cyan-bluish-gray-background-color has-text-color has-background\" style=\"font-size:18px\"> Le Duc de Mosles, talentueux dessinateur, fais sortir de son cerveau tr\u00e8s frais des personnages extraordinaires, des constructions dignes des plus grands architectes.<br> Derri\u00e8re les lignes r\u00eaches de ses croquis \u00e0 l&#8217;emporte pi\u00e8ce, se cache une vraie d\u00e9rision, une vision du monde qui n&rsquo;appartient qu&rsquo;\u00e0 lui, dr\u00f4le, am\u00e8re, vigoureuse, ironique. Il n&rsquo;a pas encore test\u00e9 ses facult\u00e9s en peinture, mais il est \u00e9vident que rien ne lui est impossible dans le monde fra\u00eechiste. Pour plus de dessins, rendez-vous sur le blog du Duc. <\/p>\n\n\n\n<div class=\"wp-block-media-text is-stacked-on-mobile\" style=\"grid-template-columns:15% auto\"><figure class=\"wp-block-media-text__media\"><a href=\"https:\/\/www.deviantart.com\/dopeassortments\/gallery\/\" target=\"_blank\" rel=\"https:\/\/www.deviantart.com\/dopeassortments\/gallery noopener\"><img loading=\"lazy\" decoding=\"async\" width=\"150\" height=\"150\" src=\"https:\/\/www.fraichisme.fr\/wp-content\/uploads\/2021\/04\/entre_blog_duc-150x150.png\" alt=\"\" class=\"wp-image-546 size-thumbnail\" srcset=\"https:\/\/www.fraichisme.fr\/wp-content\/uploads\/2021\/04\/entre_blog_duc-150x150.png 150w, https:\/\/www.fraichisme.fr\/wp-content\/uploads\/2021\/04\/entre_blog_duc.png 256w\" sizes=\"auto, (max-width: 150px) 100vw, 150px\" \/><\/a><\/figure><div class=\"wp-block-media-text__content\">\n<p class=\"has-text-align-left\" style=\"font-size:18px\">           Blog du Duc<\/p>\n<\/div><\/div>\n<\/div>\n\n\n\n<div class=\"wp-block-column is-layout-flow wp-block-column-is-layout-flow\">\n<figure class=\"wp-block-image size-full is-resized\"><img loading=\"lazy\" decoding=\"async\" src=\"https:\/\/www.fraichisme.fr\/wp-content\/uploads\/2021\/04\/yellow_laces.jpg\" alt=\"\" class=\"wp-image-251\" width=\"379\" height=\"527\" srcset=\"https:\/\/www.fraichisme.fr\/wp-content\/uploads\/2021\/04\/yellow_laces.jpg 758w, https:\/\/www.fraichisme.fr\/wp-content\/uploads\/2021\/04\/yellow_laces-252x350.jpg 252w, https:\/\/www.fraichisme.fr\/wp-content\/uploads\/2021\/04\/yellow_laces-736x1024.jpg 736w\" sizes=\"auto, (max-width: 379px) 100vw, 379px\" \/><\/figure>\n<\/div>\n<\/div>\n\n\n\n<p><\/p>\n","protected":false},"excerpt":{"rendered":"<p>Le Duc de Mosles, talentueux dessinateur, fais sortir de son cerveau tr\u00e8s frais des personnages extraordinaires, des constructions dignes des plus grands architectes. Derri\u00e8re les lignes r\u00eaches de ses croquis \u00e0 l&#8217;emporte pi\u00e8ce, se cache une vraie d\u00e9rision, une vision du monde qui n&rsquo;appartient qu&rsquo;\u00e0 lui, dr\u00f4le, am\u00e8re, vigoureuse, ironique. Il n&rsquo;a pas encore test\u00e9 [&hellip;]<\/p>\n","protected":false},"author":1,"featured_media":0,"parent":0,"menu_order":0,"comment_status":"closed","ping_status":"closed","template":"","meta":{"ub_ctt_via":"","_uag_custom_page_level_css":"","site-sidebar-layout":"default","site-content-layout":"default","ast-site-content-layout":"","site-content-style":"default","site-sidebar-style":"default","ast-global-header-display":"","ast-banner-title-visibility":"","ast-main-header-display":"","ast-hfb-above-header-display":"","ast-hfb-below-header-display":"","ast-hfb-mobile-header-display":"","site-post-title":"","ast-breadcrumbs-content":"","ast-featured-img":"","footer-sml-layout":"","theme-transparent-header-meta":"default","adv-header-id-meta":"","stick-header-meta":"","header-above-stick-meta":"","header-main-stick-meta":"","header-below-stick-meta":"","astra-migrate-meta-layouts":"default","ast-page-background-enabled":"default","ast-page-background-meta":{"desktop":{"background-color":"","background-image":"","background-repeat":"repeat","background-position":"center center","background-size":"auto","background-attachment":"scroll","background-type":"","background-media":"","overlay-type":"","overlay-color":"","overlay-gradient":""},"tablet":{"background-color":"","background-image":"","background-repeat":"repeat","background-position":"center center","background-size":"auto","background-attachment":"scroll","background-type":"","background-media":"","overlay-type":"","overlay-color":"","overlay-gradient":""},"mobile":{"background-color":"","background-image":"","background-repeat":"repeat","background-position":"center center","background-size":"auto","background-attachment":"scroll","background-type":"","background-media":"","overlay-type":"","overlay-color":"","overlay-gradient":""}},"ast-content-background-meta":{"desktop":{"background-color":"var(--ast-global-color-5)","background-image":"","background-repeat":"repeat","background-position":"center center","background-size":"auto","background-attachment":"scroll","background-type":"","background-media":"","overlay-type":"","overlay-color":"","overlay-gradient":""},"tablet":{"background-color":"var(--ast-global-color-5)","background-image":"","background-repeat":"repeat","background-position":"center center","background-size":"auto","background-attachment":"scroll","background-type":"","background-media":"","overlay-type":"","overlay-color":"","overlay-gradient":""},"mobile":{"background-color":"var(--ast-global-color-5)","background-image":"","background-repeat":"repeat","background-position":"center center","background-size":"auto","background-attachment":"scroll","background-type":"","background-media":"","overlay-type":"","overlay-color":"","overlay-gradient":""}},"footnotes":""},"class_list":["post-250","page","type-page","status-publish","hentry"],"featured_image_src":null,"uagb_featured_image_src":{"full":false,"thumbnail":false,"medium":false,"medium_large":false,"large":false,"1536x1536":false,"2048x2048":false},"uagb_author_info":{"display_name":"admin","author_link":"https:\/\/www.fraichisme.fr\/?author=1"},"uagb_comment_info":0,"uagb_excerpt":"Le Duc de Mosles, talentueux dessinateur, fais sortir de son cerveau tr\u00e8s frais des personnages extraordinaires, des constructions dignes des plus grands architectes. Derri\u00e8re les lignes r\u00eaches de ses croquis \u00e0 l&#8217;emporte pi\u00e8ce, se cache une vraie d\u00e9rision, une vision du monde qui n&rsquo;appartient qu&rsquo;\u00e0 lui, dr\u00f4le, am\u00e8re, vigoureuse, ironique. Il n&rsquo;a pas encore test\u00e9\u2026","_links":{"self":[{"href":"https:\/\/www.fraichisme.fr\/index.php?rest_route=\/wp\/v2\/pages\/250","targetHints":{"allow":["GET"]}}],"collection":[{"href":"https:\/\/www.fraichisme.fr\/index.php?rest_route=\/wp\/v2\/pages"}],"about":[{"href":"https:\/\/www.fraichisme.fr\/index.php?rest_route=\/wp\/v2\/types\/page"}],"author":[{"embeddable":true,"href":"https:\/\/www.fraichisme.fr\/index.php?rest_route=\/wp\/v2\/users\/1"}],"replies":[{"embeddable":true,"href":"https:\/\/www.fraichisme.fr\/index.php?rest_route=%2Fwp%2Fv2%2Fcomments&post=250"}],"version-history":[{"count":18,"href":"https:\/\/www.fraichisme.fr\/index.php?rest_route=\/wp\/v2\/pages\/250\/revisions"}],"predecessor-version":[{"id":618,"href":"https:\/\/www.fraichisme.fr\/index.php?rest_route=\/wp\/v2\/pages\/250\/revisions\/618"}],"wp:attachment":[{"href":"https:\/\/www.fraichisme.fr\/index.php?rest_route=%2Fwp%2Fv2%2Fmedia&parent=250"}],"curies":[{"name":"wp","href":"https:\/\/api.w.org\/{rel}","templated":true}]}}