{"id":292,"date":"2021-04-14T11:44:35","date_gmt":"2021-04-14T09:44:35","guid":{"rendered":"https:\/\/www.fraichisme.fr\/?page_id=292"},"modified":"2021-04-17T18:48:00","modified_gmt":"2021-04-17T16:48:00","slug":"presentation-dantoine","status":"publish","type":"page","link":"https:\/\/www.fraichisme.fr\/?page_id=292","title":{"rendered":"Pr\u00e9sentation d&rsquo;Antoine"},"content":{"rendered":"\n<div class=\"wp-block-columns is-layout-flex wp-container-core-columns-is-layout-28f84493 wp-block-columns-is-layout-flex\">\n<div class=\"wp-block-column is-layout-flow wp-block-column-is-layout-flow\">\n<p class=\"has-text-align-left justification_texte\">La vie d&rsquo;Antoine Barcelone ressemble \u00e0 ses tableaux, qui lui tiennent lieu de biographie. Secret, discret, et pourtant extraverti, cet homme qui se contente de signer avec ses initiales m\u00eale harmonieusement en lui les couleurs blondes du Nord et les violentes luminosit\u00e9s du Sud. Chacune de ses toiles le transporte dans un nouvel univers, sur le fonds musical qui lui est indispensable. Notes et couleurs forment alors des nuances impond\u00e9rables qui effleurent la toile et semblent tramer quelque complot innocent dans les fibres du lin. Comme il lui \u00e9tait impossible de se d\u00e9finir sans courir le risque de devenir fragmentaire, il a volontiers accept\u00e9 l&rsquo;id\u00e9e qu&rsquo;il \u00e9tait fra\u00eechiste, devenant ainsi le dernier oeuvrier en date du fra\u00eechisme, car ce mouvement, sans doctrine et sans \u00e9cole autre que le plaisir et la d\u00e9couverte de sensations renouvel\u00e9es et partag\u00e9es, lui a sembl\u00e9 r\u00e9pondre au mieux \u00e0 son besoin d&rsquo;\u00eatre \u00e0 la fois solitaire et accompagn\u00e9. Antoine Barcelone \u00ab produit \u00bb peu, mais nous ne doutons pas que sa galerie ne s&rsquo;enrichisse prochainement de nouveaux opus ; qu&rsquo;ils soient en r\u00e9 majeur ou en fa lancinant, ils seront les bienvenus.<\/p>\n<\/div>\n\n\n\n<div class=\"wp-block-column is-layout-flow wp-block-column-is-layout-flow\">\n<p><\/p>\n\n\n\n<figure class=\"wp-block-image alignwide size-large\"><img loading=\"lazy\" decoding=\"async\" width=\"402\" height=\"300\" src=\"https:\/\/www.fraichisme.fr\/wp-content\/uploads\/2021\/04\/4.jpg\" alt=\"\" class=\"wp-image-293\" srcset=\"https:\/\/www.fraichisme.fr\/wp-content\/uploads\/2021\/04\/4.jpg 402w, https:\/\/www.fraichisme.fr\/wp-content\/uploads\/2021\/04\/4-350x261.jpg 350w\" sizes=\"auto, (max-width: 402px) 100vw, 402px\" \/><\/figure>\n<\/div>\n<\/div>\n","protected":false},"excerpt":{"rendered":"<p>La vie d&rsquo;Antoine Barcelone ressemble \u00e0 ses tableaux, qui lui tiennent lieu de biographie. Secret, discret, et pourtant extraverti, cet homme qui se contente de signer avec ses initiales m\u00eale harmonieusement en lui les couleurs blondes du Nord et les violentes luminosit\u00e9s du Sud. Chacune de ses toiles le transporte dans un nouvel univers, sur [&hellip;]<\/p>\n","protected":false},"author":1,"featured_media":0,"parent":0,"menu_order":0,"comment_status":"closed","ping_status":"closed","template":"","meta":{"ub_ctt_via":"","_uag_custom_page_level_css":"","site-sidebar-layout":"default","site-content-layout":"default","ast-site-content-layout":"","site-content-style":"default","site-sidebar-style":"default","ast-global-header-display":"","ast-banner-title-visibility":"","ast-main-header-display":"","ast-hfb-above-header-display":"","ast-hfb-below-header-display":"","ast-hfb-mobile-header-display":"","site-post-title":"","ast-breadcrumbs-content":"","ast-featured-img":"","footer-sml-layout":"","theme-transparent-header-meta":"default","adv-header-id-meta":"","stick-header-meta":"","header-above-stick-meta":"","header-main-stick-meta":"","header-below-stick-meta":"","astra-migrate-meta-layouts":"default","ast-page-background-enabled":"default","ast-page-background-meta":{"desktop":{"background-color":"","background-image":"","background-repeat":"repeat","background-position":"center center","background-size":"auto","background-attachment":"scroll","background-type":"","background-media":"","overlay-type":"","overlay-color":"","overlay-gradient":""},"tablet":{"background-color":"","background-image":"","background-repeat":"repeat","background-position":"center center","background-size":"auto","background-attachment":"scroll","background-type":"","background-media":"","overlay-type":"","overlay-color":"","overlay-gradient":""},"mobile":{"background-color":"","background-image":"","background-repeat":"repeat","background-position":"center center","background-size":"auto","background-attachment":"scroll","background-type":"","background-media":"","overlay-type":"","overlay-color":"","overlay-gradient":""}},"ast-content-background-meta":{"desktop":{"background-color":"var(--ast-global-color-5)","background-image":"","background-repeat":"repeat","background-position":"center center","background-size":"auto","background-attachment":"scroll","background-type":"","background-media":"","overlay-type":"","overlay-color":"","overlay-gradient":""},"tablet":{"background-color":"var(--ast-global-color-5)","background-image":"","background-repeat":"repeat","background-position":"center center","background-size":"auto","background-attachment":"scroll","background-type":"","background-media":"","overlay-type":"","overlay-color":"","overlay-gradient":""},"mobile":{"background-color":"var(--ast-global-color-5)","background-image":"","background-repeat":"repeat","background-position":"center center","background-size":"auto","background-attachment":"scroll","background-type":"","background-media":"","overlay-type":"","overlay-color":"","overlay-gradient":""}},"footnotes":""},"class_list":["post-292","page","type-page","status-publish","hentry"],"featured_image_src":null,"uagb_featured_image_src":{"full":false,"thumbnail":false,"medium":false,"medium_large":false,"large":false,"1536x1536":false,"2048x2048":false},"uagb_author_info":{"display_name":"admin","author_link":"https:\/\/www.fraichisme.fr\/?author=1"},"uagb_comment_info":0,"uagb_excerpt":"La vie d&rsquo;Antoine Barcelone ressemble \u00e0 ses tableaux, qui lui tiennent lieu de biographie. Secret, discret, et pourtant extraverti, cet homme qui se contente de signer avec ses initiales m\u00eale harmonieusement en lui les couleurs blondes du Nord et les violentes luminosit\u00e9s du Sud. Chacune de ses toiles le transporte dans un nouvel univers, sur\u2026","_links":{"self":[{"href":"https:\/\/www.fraichisme.fr\/index.php?rest_route=\/wp\/v2\/pages\/292","targetHints":{"allow":["GET"]}}],"collection":[{"href":"https:\/\/www.fraichisme.fr\/index.php?rest_route=\/wp\/v2\/pages"}],"about":[{"href":"https:\/\/www.fraichisme.fr\/index.php?rest_route=\/wp\/v2\/types\/page"}],"author":[{"embeddable":true,"href":"https:\/\/www.fraichisme.fr\/index.php?rest_route=\/wp\/v2\/users\/1"}],"replies":[{"embeddable":true,"href":"https:\/\/www.fraichisme.fr\/index.php?rest_route=%2Fwp%2Fv2%2Fcomments&post=292"}],"version-history":[{"count":2,"href":"https:\/\/www.fraichisme.fr\/index.php?rest_route=\/wp\/v2\/pages\/292\/revisions"}],"predecessor-version":[{"id":644,"href":"https:\/\/www.fraichisme.fr\/index.php?rest_route=\/wp\/v2\/pages\/292\/revisions\/644"}],"wp:attachment":[{"href":"https:\/\/www.fraichisme.fr\/index.php?rest_route=%2Fwp%2Fv2%2Fmedia&parent=292"}],"curies":[{"name":"wp","href":"https:\/\/api.w.org\/{rel}","templated":true}]}}