{"id":308,"date":"2021-04-14T12:53:30","date_gmt":"2021-04-14T10:53:30","guid":{"rendered":"https:\/\/www.fraichisme.fr\/?page_id=308"},"modified":"2021-04-14T13:12:18","modified_gmt":"2021-04-14T11:12:18","slug":"presentation-de-mireille","status":"publish","type":"page","link":"https:\/\/www.fraichisme.fr\/?page_id=308","title":{"rendered":"Pr\u00e9sentation de Mireille"},"content":{"rendered":"\n<div class=\"wp-block-columns is-layout-flex wp-container-core-columns-is-layout-28f84493 wp-block-columns-is-layout-flex\">\n<div class=\"wp-block-column is-layout-flow wp-block-column-is-layout-flow\">\n<p class=\"justification_texte\">Mireille est fra\u00eechiste depuis sa tendre enfance, mais le fra\u00eechisme n&rsquo;existant pas lorsqu&rsquo;elle faisait alors des gribouillages, personne ne savait qu&rsquo;elle ferait partie de ce mouvement pictural. Chez elle tout est naturel, tout frais : sa fa\u00e7on de peindre, celle de s&rsquo;exprimer oralemement&#8230; Pour peindre, tout lui va bien : un peigne, une \u00e9ponge, une brosse \u00e0 dent, mais surtout des cotons tiges. Parfois elle utilise des pinceaux tout de m\u00eame.  pour support aussi tout lui va bien : plaque de bois, carton, meuble, bo\u00eete, oeuf, pierre&#8230; Parfois elle utilise aussi des toiles. <\/p>\n<\/div>\n\n\n\n<div class=\"wp-block-column is-layout-flow wp-block-column-is-layout-flow\">\n<figure class=\"wp-block-image alignwide size-large\"><img loading=\"lazy\" decoding=\"async\" width=\"284\" height=\"425\" src=\"https:\/\/www.fraichisme.fr\/wp-content\/uploads\/2021\/04\/enfants-1.jpeg\" alt=\"\" class=\"wp-image-312\" srcset=\"https:\/\/www.fraichisme.fr\/wp-content\/uploads\/2021\/04\/enfants-1.jpeg 284w, https:\/\/www.fraichisme.fr\/wp-content\/uploads\/2021\/04\/enfants-1-234x350.jpeg 234w\" sizes=\"auto, (max-width: 284px) 100vw, 284px\" \/><\/figure>\n<\/div>\n<\/div>\n","protected":false},"excerpt":{"rendered":"<p>Mireille est fra\u00eechiste depuis sa tendre enfance, mais le fra\u00eechisme n&rsquo;existant pas lorsqu&rsquo;elle faisait alors des gribouillages, personne ne savait qu&rsquo;elle ferait partie de ce mouvement pictural. Chez elle tout est naturel, tout frais : sa fa\u00e7on de peindre, celle de s&rsquo;exprimer oralemement&#8230; Pour peindre, tout lui va bien : un peigne, une \u00e9ponge, une [&hellip;]<\/p>\n","protected":false},"author":1,"featured_media":0,"parent":0,"menu_order":0,"comment_status":"closed","ping_status":"closed","template":"","meta":{"ub_ctt_via":"","_uag_custom_page_level_css":"","site-sidebar-layout":"default","site-content-layout":"default","ast-site-content-layout":"","site-content-style":"default","site-sidebar-style":"default","ast-global-header-display":"","ast-banner-title-visibility":"","ast-main-header-display":"","ast-hfb-above-header-display":"","ast-hfb-below-header-display":"","ast-hfb-mobile-header-display":"","site-post-title":"","ast-breadcrumbs-content":"","ast-featured-img":"","footer-sml-layout":"","theme-transparent-header-meta":"default","adv-header-id-meta":"","stick-header-meta":"","header-above-stick-meta":"","header-main-stick-meta":"","header-below-stick-meta":"","astra-migrate-meta-layouts":"default","ast-page-background-enabled":"default","ast-page-background-meta":{"desktop":{"background-color":"","background-image":"","background-repeat":"repeat","background-position":"center center","background-size":"auto","background-attachment":"scroll","background-type":"","background-media":"","overlay-type":"","overlay-color":"","overlay-gradient":""},"tablet":{"background-color":"","background-image":"","background-repeat":"repeat","background-position":"center center","background-size":"auto","background-attachment":"scroll","background-type":"","background-media":"","overlay-type":"","overlay-color":"","overlay-gradient":""},"mobile":{"background-color":"","background-image":"","background-repeat":"repeat","background-position":"center center","background-size":"auto","background-attachment":"scroll","background-type":"","background-media":"","overlay-type":"","overlay-color":"","overlay-gradient":""}},"ast-content-background-meta":{"desktop":{"background-color":"var(--ast-global-color-5)","background-image":"","background-repeat":"repeat","background-position":"center center","background-size":"auto","background-attachment":"scroll","background-type":"","background-media":"","overlay-type":"","overlay-color":"","overlay-gradient":""},"tablet":{"background-color":"var(--ast-global-color-5)","background-image":"","background-repeat":"repeat","background-position":"center center","background-size":"auto","background-attachment":"scroll","background-type":"","background-media":"","overlay-type":"","overlay-color":"","overlay-gradient":""},"mobile":{"background-color":"var(--ast-global-color-5)","background-image":"","background-repeat":"repeat","background-position":"center center","background-size":"auto","background-attachment":"scroll","background-type":"","background-media":"","overlay-type":"","overlay-color":"","overlay-gradient":""}},"footnotes":""},"class_list":["post-308","page","type-page","status-publish","hentry"],"featured_image_src":null,"uagb_featured_image_src":{"full":false,"thumbnail":false,"medium":false,"medium_large":false,"large":false,"1536x1536":false,"2048x2048":false},"uagb_author_info":{"display_name":"admin","author_link":"https:\/\/www.fraichisme.fr\/?author=1"},"uagb_comment_info":0,"uagb_excerpt":"Mireille est fra\u00eechiste depuis sa tendre enfance, mais le fra\u00eechisme n&rsquo;existant pas lorsqu&rsquo;elle faisait alors des gribouillages, personne ne savait qu&rsquo;elle ferait partie de ce mouvement pictural. Chez elle tout est naturel, tout frais : sa fa\u00e7on de peindre, celle de s&rsquo;exprimer oralemement&#8230; Pour peindre, tout lui va bien : un peigne, une \u00e9ponge, une\u2026","_links":{"self":[{"href":"https:\/\/www.fraichisme.fr\/index.php?rest_route=\/wp\/v2\/pages\/308","targetHints":{"allow":["GET"]}}],"collection":[{"href":"https:\/\/www.fraichisme.fr\/index.php?rest_route=\/wp\/v2\/pages"}],"about":[{"href":"https:\/\/www.fraichisme.fr\/index.php?rest_route=\/wp\/v2\/types\/page"}],"author":[{"embeddable":true,"href":"https:\/\/www.fraichisme.fr\/index.php?rest_route=\/wp\/v2\/users\/1"}],"replies":[{"embeddable":true,"href":"https:\/\/www.fraichisme.fr\/index.php?rest_route=%2Fwp%2Fv2%2Fcomments&post=308"}],"version-history":[{"count":4,"href":"https:\/\/www.fraichisme.fr\/index.php?rest_route=\/wp\/v2\/pages\/308\/revisions"}],"predecessor-version":[{"id":315,"href":"https:\/\/www.fraichisme.fr\/index.php?rest_route=\/wp\/v2\/pages\/308\/revisions\/315"}],"wp:attachment":[{"href":"https:\/\/www.fraichisme.fr\/index.php?rest_route=%2Fwp%2Fv2%2Fmedia&parent=308"}],"curies":[{"name":"wp","href":"https:\/\/api.w.org\/{rel}","templated":true}]}}